{"id":1655,"date":"2018-08-08T09:59:57","date_gmt":"2018-08-08T07:59:57","guid":{"rendered":"https:\/\/www.dantesfoto.it\/la-via-delle-acque\/"},"modified":"2024-02-11T14:47:30","modified_gmt":"2024-02-11T13:47:30","slug":"the-way-of-the-waters","status":"publish","type":"page","link":"https:\/\/www.dantesfoto.it\/en\/the-way-of-the-waters\/","title":{"rendered":"&#8211; The Way of the Waters &#8211;"},"content":{"rendered":"\n<figure class=\"wp-block-gallery has-nested-images columns-3 is-cropped wp-block-gallery-1 is-layout-flex wp-block-gallery-is-layout-flex\">\n<figure class=\"wp-block-image size-large\"><a href=\"https:\/\/www.dantesfoto.it\/en\/places-abandoned-by-man\/pgmt0319-2\/\"><img loading=\"lazy\" decoding=\"async\" width=\"1333\" height=\"2000\" data-id=\"4791\" src=\"https:\/\/www.dantesfoto.it\/wp-content\/uploads\/2024\/02\/PGMT0319.jpg\" alt=\"\" class=\"wp-image-4791\" srcset=\"https:\/\/www.dantesfoto.it\/wp-content\/uploads\/2024\/02\/PGMT0319.jpg 1333w, https:\/\/www.dantesfoto.it\/wp-content\/uploads\/2024\/02\/PGMT0319-200x300.jpg 200w, https:\/\/www.dantesfoto.it\/wp-content\/uploads\/2024\/02\/PGMT0319-768x1152.jpg 768w, https:\/\/www.dantesfoto.it\/wp-content\/uploads\/2024\/02\/PGMT0319-1024x1536.jpg 1024w\" sizes=\"(max-width: 1333px) 100vw, 1333px\" \/><\/a><\/figure>\n\n\n\n<figure class=\"wp-block-image size-large\"><a href=\"https:\/\/www.dantesfoto.it\/en\/la-via-delle-acque\/pgm_0331-2\/\"><img loading=\"lazy\" decoding=\"async\" width=\"2000\" height=\"1333\" data-id=\"1508\" src=\"https:\/\/www.dantesfoto.it\/wp-content\/uploads\/2022\/08\/PGM_0331-1.jpg\" alt=\"\" class=\"wp-image-1508\" srcset=\"https:\/\/www.dantesfoto.it\/wp-content\/uploads\/2022\/08\/PGM_0331-1.jpg 2000w, https:\/\/www.dantesfoto.it\/wp-content\/uploads\/2022\/08\/PGM_0331-1-300x200.jpg 300w, https:\/\/www.dantesfoto.it\/wp-content\/uploads\/2022\/08\/PGM_0331-1-768x512.jpg 768w, https:\/\/www.dantesfoto.it\/wp-content\/uploads\/2022\/08\/PGM_0331-1-1536x1024.jpg 1536w\" sizes=\"(max-width: 2000px) 100vw, 2000px\" \/><\/a><\/figure>\n\n\n\n<figure class=\"wp-block-image size-large\"><a href=\"https:\/\/www.dantesfoto.it\/en\/acquedotto-del-nottolini-con-drone-2020-3\/\"><img loading=\"lazy\" decoding=\"async\" width=\"1500\" height=\"814\" data-id=\"1563\" src=\"https:\/\/www.dantesfoto.it\/wp-content\/uploads\/2022\/08\/DJI_0022-Corretta-Dominante.jpg\" alt=\"\" class=\"wp-image-1563\" srcset=\"https:\/\/www.dantesfoto.it\/wp-content\/uploads\/2022\/08\/DJI_0022-Corretta-Dominante.jpg 1500w, https:\/\/www.dantesfoto.it\/wp-content\/uploads\/2022\/08\/DJI_0022-Corretta-Dominante-300x163.jpg 300w, https:\/\/www.dantesfoto.it\/wp-content\/uploads\/2022\/08\/DJI_0022-Corretta-Dominante-768x417.jpg 768w\" sizes=\"(max-width: 1500px) 100vw, 1500px\" \/><\/a><\/figure>\n\n\n\n<figure class=\"wp-block-image size-large\"><a href=\"https:\/\/www.dantesfoto.it\/en\/capannori-guamo-le-parole-doro-2020-3\/\"><img loading=\"lazy\" decoding=\"async\" width=\"1500\" height=\"844\" data-id=\"1561\" src=\"https:\/\/www.dantesfoto.it\/wp-content\/uploads\/2022\/08\/DJI_0013-Correct.jpg\" alt=\"\" class=\"wp-image-1561\" srcset=\"https:\/\/www.dantesfoto.it\/wp-content\/uploads\/2022\/08\/DJI_0013-Correct.jpg 1500w, https:\/\/www.dantesfoto.it\/wp-content\/uploads\/2022\/08\/DJI_0013-Correct-300x169.jpg 300w, https:\/\/www.dantesfoto.it\/wp-content\/uploads\/2022\/08\/DJI_0013-Correct-768x432.jpg 768w\" sizes=\"(max-width: 1500px) 100vw, 1500px\" \/><\/a><\/figure>\n\n\n\n<figure class=\"wp-block-image size-large\"><a href=\"https:\/\/www.dantesfoto.it\/en\/la-via-delle-acque\/pgmx6855-2\/\"><img loading=\"lazy\" decoding=\"async\" width=\"2000\" height=\"1333\" data-id=\"1509\" src=\"https:\/\/www.dantesfoto.it\/wp-content\/uploads\/2022\/08\/PGMX6855.jpg\" alt=\"\" class=\"wp-image-1509\" srcset=\"https:\/\/www.dantesfoto.it\/wp-content\/uploads\/2022\/08\/PGMX6855.jpg 2000w, https:\/\/www.dantesfoto.it\/wp-content\/uploads\/2022\/08\/PGMX6855-300x200.jpg 300w, https:\/\/www.dantesfoto.it\/wp-content\/uploads\/2022\/08\/PGMX6855-768x512.jpg 768w, https:\/\/www.dantesfoto.it\/wp-content\/uploads\/2022\/08\/PGMX6855-1536x1024.jpg 1536w\" sizes=\"(max-width: 2000px) 100vw, 2000px\" \/><\/a><\/figure>\n\n\n\n<figure class=\"wp-block-image size-large\"><a href=\"https:\/\/www.dantesfoto.it\/en\/dji_0207-2\/\"><img loading=\"lazy\" decoding=\"async\" width=\"1500\" height=\"1125\" data-id=\"1576\" src=\"https:\/\/www.dantesfoto.it\/wp-content\/uploads\/2022\/08\/DJI_0207.jpg\" alt=\"\" class=\"wp-image-1576\" srcset=\"https:\/\/www.dantesfoto.it\/wp-content\/uploads\/2022\/08\/DJI_0207.jpg 1500w, https:\/\/www.dantesfoto.it\/wp-content\/uploads\/2022\/08\/DJI_0207-300x225.jpg 300w, https:\/\/www.dantesfoto.it\/wp-content\/uploads\/2022\/08\/DJI_0207-768x576.jpg 768w\" sizes=\"(max-width: 1500px) 100vw, 1500px\" \/><\/a><\/figure>\n\n\n\n<figure class=\"wp-block-image size-large\"><a href=\"https:\/\/www.dantesfoto.it\/en\/acquedotto-del-nottolini-con-drone-2020-2-2\/\"><img loading=\"lazy\" decoding=\"async\" width=\"1500\" height=\"844\" data-id=\"1572\" src=\"https:\/\/www.dantesfoto.it\/wp-content\/uploads\/2022\/08\/DJI_0134.jpg\" alt=\"\" class=\"wp-image-1572\" srcset=\"https:\/\/www.dantesfoto.it\/wp-content\/uploads\/2022\/08\/DJI_0134.jpg 1500w, https:\/\/www.dantesfoto.it\/wp-content\/uploads\/2022\/08\/DJI_0134-300x169.jpg 300w, https:\/\/www.dantesfoto.it\/wp-content\/uploads\/2022\/08\/DJI_0134-768x432.jpg 768w\" sizes=\"(max-width: 1500px) 100vw, 1500px\" \/><\/a><\/figure>\n\n\n\n<figure class=\"wp-block-image size-large\"><a href=\"https:\/\/www.dantesfoto.it\/en\/capannori-guamo-le-parole-doro-2020-2-2\/\"><img loading=\"lazy\" decoding=\"async\" width=\"1500\" height=\"844\" data-id=\"1565\" src=\"https:\/\/www.dantesfoto.it\/wp-content\/uploads\/2022\/08\/DJI_0034-Correct.jpg\" alt=\"\" class=\"wp-image-1565\" srcset=\"https:\/\/www.dantesfoto.it\/wp-content\/uploads\/2022\/08\/DJI_0034-Correct.jpg 1500w, https:\/\/www.dantesfoto.it\/wp-content\/uploads\/2022\/08\/DJI_0034-Correct-300x169.jpg 300w, https:\/\/www.dantesfoto.it\/wp-content\/uploads\/2022\/08\/DJI_0034-Correct-768x432.jpg 768w\" sizes=\"(max-width: 1500px) 100vw, 1500px\" \/><\/a><\/figure>\n<\/figure>\n\n\n\n<blockquote class=\"wp-block-quote is-layout-flow wp-block-quote-is-layout-flow\">\n<p>L\u2019acqua \u00e8 la vita<\/p>\n<cite>\u00e8 energia, \u00e8 essenziale, \u00e8 una risorsa dal valore inestimabile&nbsp;<\/cite><\/blockquote>\n\n\n<div class=\"wp-block-image\">\n<figure class=\"alignright size-full is-resized\"><img loading=\"lazy\" decoding=\"async\" width=\"1500\" height=\"844\" src=\"https:\/\/www.dantesfoto.it\/wp-content\/uploads\/2022\/08\/DJI_0034-Correct.jpg\" alt=\"\" class=\"wp-image-1323\" style=\"width:398px;height:224px\" srcset=\"https:\/\/www.dantesfoto.it\/wp-content\/uploads\/2022\/08\/DJI_0034-Correct.jpg 1500w, https:\/\/www.dantesfoto.it\/wp-content\/uploads\/2022\/08\/DJI_0034-Correct-300x169.jpg 300w, https:\/\/www.dantesfoto.it\/wp-content\/uploads\/2022\/08\/DJI_0034-Correct-768x432.jpg 768w\" sizes=\"(max-width: 1500px) 100vw, 1500px\" \/><\/figure><\/div>\n\n\n<p>Some might think that this photo and that of the <strong>&#8220;temple of the waters&#8221; <\/strong>were taken in some exotic overseas location. In reality we are exactly 5 km from the city walls of Lucca. It is the park of the so-called <strong>&#8220;Golden Words&#8221;<\/strong> where the story of the Nottolini aqueduct originates, whose construction began in <strong>1823 and ended in 1833.<\/strong><\/p>\n\n\n\n<p>The <strong>&#8220;old snake&#8221;<\/strong> at the Parole d\u2019Oro guides the waters of the Serra Vespaiata towards pools, wells, waterfalls and canals where silent stone structures reminiscent of the Mayan temples of Central America watch over.<\/p>\n\n\n\n<p>In periods of lesser presence of water, a plaque commemorating the completion of this section of the aqueduct resurfaces from the last tank, before the bridge from the <strong>&#8220;Golden Words&#8221;: MDCCCXXX &#8211; (1830)<\/strong><\/p>\n\n\n\n<p>With these unusual perspectives and the play of lights, the first<strong> &#8220;temple&#8221; <\/strong>of the Nottolini aqueduct appears as the entrance to a mysterious labyrinth. The aqueduct dates back to 1823\/1833, is over 4 kilometers long and carried the water of 18 springs located in the municipality of Capannori and consists of a<strong> straight line of 459 stone and brick arches 12 meters high.<\/strong><\/p>\n\n\n\n<p><strong>Reportage of well over 150 shots<\/strong>, many of which are the subject of the photographic exhibition &#8220;L&#8217;Occhio del Tempo&#8221;<\/p>\n","protected":false},"excerpt":{"rendered":"<p>L\u2019acqua \u00e8 la vita \u00e8 energia, \u00e8 essenziale, \u00e8 una risorsa dal valore inestimabile&nbsp; Some might think that this photo and that of the &#8220;temple of the waters&#8221; were taken in some exotic overseas location. In reality we are exactly 5 km from the city walls of Lucca. It is the park of the so-called [&hellip;]<\/p>\n","protected":false},"author":1,"featured_media":0,"parent":0,"menu_order":0,"comment_status":"closed","ping_status":"closed","template":"template-album.php","meta":{"footnotes":""},"_links":{"self":[{"href":"https:\/\/www.dantesfoto.it\/en\/wp-json\/wp\/v2\/pages\/1655"}],"collection":[{"href":"https:\/\/www.dantesfoto.it\/en\/wp-json\/wp\/v2\/pages"}],"about":[{"href":"https:\/\/www.dantesfoto.it\/en\/wp-json\/wp\/v2\/types\/page"}],"author":[{"embeddable":true,"href":"https:\/\/www.dantesfoto.it\/en\/wp-json\/wp\/v2\/users\/1"}],"replies":[{"embeddable":true,"href":"https:\/\/www.dantesfoto.it\/en\/wp-json\/wp\/v2\/comments?post=1655"}],"version-history":[{"count":3,"href":"https:\/\/www.dantesfoto.it\/en\/wp-json\/wp\/v2\/pages\/1655\/revisions"}],"predecessor-version":[{"id":4799,"href":"https:\/\/www.dantesfoto.it\/en\/wp-json\/wp\/v2\/pages\/1655\/revisions\/4799"}],"wp:attachment":[{"href":"https:\/\/www.dantesfoto.it\/en\/wp-json\/wp\/v2\/media?parent=1655"}],"curies":[{"name":"wp","href":"https:\/\/api.w.org\/{rel}","templated":true}]}}